{"id":11165,"date":"2024-01-26T15:08:12","date_gmt":"2024-01-26T20:08:12","guid":{"rendered":"https:\/\/dev.mylittlebigweb.com\/politique-de-confidentialite\/"},"modified":"2024-01-26T15:44:14","modified_gmt":"2024-01-26T20:44:14","slug":"privacy-policy","status":"publish","type":"page","link":"https:\/\/mylittlebigweb.com\/en\/privacy-policy\/","title":{"rendered":"Privacy Policy"},"content":{"rendered":"\r\n<section class=\"block block_hero block_hero-blog\">\r\n    <div class=\"container\">\r\n        <div class=\"row\">\r\n            <div class=\"breadcrumbs \">\r\n\r\n\r\n    <p id=\"breadcrumbs\"><span><span><a href=\"https:\/\/mylittlebigweb.com\/en\/\">Web Agency<\/a><\/span><\/span><\/p>\r\n<\/div>            <div class=\"content flex-responsive\">\r\n                <div class=\"content_col-l\">\r\n                    <h1 class=\"h1 title\">Privacy Policy<\/h1>\r\n\r\n                    \r\n                                    <\/div>\r\n                <div class=\"content_col-r\">\r\n                    <div class=\"image-icon\">\r\n                                                        <div class=\"image fade-in-bottom-purejs\"><img decoding=\"async\" class=\"img1\" src=\"https:\/\/mylittlebigweb.com\/wp-content\/uploads\/2023\/10\/clients-header@2x-jpg.webp\" alt=\"\" \/><\/div>\r\n                                                                        <style>\r\n                            .image-icon::before{\r\n                                background-image: url(https:\/\/mylittlebigweb.com\/wp-content\/uploads\/2023\/10\/illustration-annonce.png);\r\n                            }\r\n                        <\/style>\r\n                                                \r\n                    <\/div>\r\n                <\/div>\r\n            <\/div>\r\n        <\/div>\r\n    <\/div>\r\n<\/section>\n\n\r\n    <section class=\"block block_contenu-texte  \" id=\"block_4ab12cd5e95c83d3b0e1a2f9060220c6\">\r\n        <div class=\"container\">\r\n            <div class=\"row\">\r\n                <div class=\"content\">\r\n                                                                            <div class=\"text fade-in-right\"><\/div>\r\n                                                                            <div class=\"text fade-in-right\">\n<!-- Legal document generated by Complianz | GDPR\/CCPA Cookie Consent https:\/\/wordpress.org\/plugins\/complianz-gdpr -->\n<div id=\"cmplz-document\" class=\"cmplz-document privacy-statement cmplz-document-ca\"><h2>1. Purpose and categories of data<\/h2><p>We may collect or receive personal information for a number of purposes connected with our business operations which may include the following: (click to expand)<\/b><\/p><details class=\"cmplz-dropdown dropdown-privacy-statement\"><summary><div><h3>1.1 Contact &#8211; Through phone, mail, email and\/or webforms<\/h3><\/div><\/summary><p class=\"cmplz-subtitle\">The following categories of data are collected<\/p><p><ul><li>A first and last name<\/li><li>An email address<\/li><li>A telephone number<\/li><li>IP Address<\/li><\/ul><\/p><p class=\"cmplz-subtitle\">Retention period<\/p><p>We determine the retention period according to fixed objective criteria: 5 ans<\/p><\/details><details class=\"cmplz-dropdown dropdown-privacy-statement\"><summary><div><h3>1.2 Newsletters<\/h3><\/div><\/summary><p class=\"cmplz-subtitle\">The following categories of data are collected<\/p><p><ul><li>A first and last name<\/li><li>An email address<\/li><\/ul><\/p><p class=\"cmplz-subtitle\">Retention period<\/p><p>We determine the retention period according to fixed objective criteria: 2 ans<\/p><\/details><\/div><\/div>\r\n                                                                            <div class=\"btn-container\">\r\n                                <a href=\"\/en\/\"  class=\"btn btn-secondary blue\" >\r\n    <span class=\"btn-text\">Back to Home<\/span>\r\n    <\/a>\r\n                            <\/div>\r\n                                                                <\/div>\r\n            <\/div>\r\n        <\/div>\r\n    <\/section>\r\n    ","protected":false},"excerpt":{"rendered":"","protected":false},"author":1,"featured_media":0,"parent":0,"menu_order":0,"comment_status":"closed","ping_status":"closed","template":"page.php","meta":{"_acf_changed":false,"inline_featured_image":false,"yasr_overall_rating":0,"yasr_post_is_review":"","yasr_auto_insert_disabled":"","yasr_review_type":"","footnotes":"","_mlbwmg_academic_referencing":"","_mlbwmg_reuse_citation":""},"class_list":["post-11165","page","type-page","status-publish","hentry"],"acf":[],"yoast_head":"<!-- This site is optimized with the Yoast SEO plugin v27.3 - https:\/\/yoast.com\/product\/yoast-seo-wordpress\/ -->\n<title>Privacy Policy - My Little Big Web<\/title>\n<meta name=\"robots\" content=\"index, follow, max-snippet:-1, max-image-preview:large, max-video-preview:-1\" \/>\n<link rel=\"canonical\" href=\"https:\/\/mylittlebigweb.com\/en\/privacy-policy\/\" \/>\n<meta property=\"og:locale\" content=\"en_US\" \/>\n<meta property=\"og:type\" content=\"article\" \/>\n<meta property=\"og:title\" content=\"Privacy Policy - My Little Big Web\" \/>\n<meta property=\"og:url\" content=\"https:\/\/mylittlebigweb.com\/en\/privacy-policy\/\" \/>\n<meta property=\"og:site_name\" content=\"My Little Big Web\" \/>\n<meta property=\"article:modified_time\" content=\"2024-01-26T20:44:14+00:00\" \/>\n<meta name=\"twitter:card\" content=\"summary_large_image\" \/>\n<script type=\"application\/ld+json\" class=\"yoast-schema-graph\">{\"@context\":\"https:\\\/\\\/schema.org\",\"@graph\":[{\"@type\":\"WebPage\",\"@id\":\"https:\\\/\\\/mylittlebigweb.com\\\/en\\\/privacy-policy\\\/\",\"url\":\"https:\\\/\\\/mylittlebigweb.com\\\/en\\\/privacy-policy\\\/\",\"name\":\"Privacy Policy - My Little Big Web\",\"isPartOf\":{\"@id\":\"https:\\\/\\\/mylittlebigweb.com\\\/en\\\/#website\"},\"datePublished\":\"2024-01-26T20:08:12+00:00\",\"dateModified\":\"2024-01-26T20:44:14+00:00\",\"breadcrumb\":{\"@id\":\"https:\\\/\\\/mylittlebigweb.com\\\/en\\\/privacy-policy\\\/#breadcrumb\"},\"inLanguage\":\"en-CA\",\"potentialAction\":[{\"@type\":\"ReadAction\",\"target\":[\"https:\\\/\\\/mylittlebigweb.com\\\/en\\\/privacy-policy\\\/\"]}]},{\"@type\":\"BreadcrumbList\",\"@id\":\"https:\\\/\\\/mylittlebigweb.com\\\/en\\\/privacy-policy\\\/#breadcrumb\",\"itemListElement\":[{\"@type\":\"ListItem\",\"position\":1,\"name\":\"Web Agency\",\"item\":\"https:\\\/\\\/mylittlebigweb.com\\\/en\\\/\"},{\"@type\":\"ListItem\",\"position\":2,\"name\":\"Privacy Policy\"}]},{\"@type\":\"WebSite\",\"@id\":\"https:\\\/\\\/mylittlebigweb.com\\\/en\\\/#website\",\"url\":\"https:\\\/\\\/mylittlebigweb.com\\\/en\\\/\",\"name\":\"My Little Big Web\",\"description\":\"Agence Web \u00e0 Montr\u00e9al. Tous les services au m\u00eame endroit. SEO, conception de site Web, Google Ads, Facebook Ads, r\u00e9seaux sociaux.\",\"publisher\":{\"@id\":\"https:\\\/\\\/mylittlebigweb.com\\\/en\\\/#organization\"},\"potentialAction\":[{\"@type\":\"SearchAction\",\"target\":{\"@type\":\"EntryPoint\",\"urlTemplate\":\"https:\\\/\\\/mylittlebigweb.com\\\/en\\\/?s={search_term_string}\"},\"query-input\":{\"@type\":\"PropertyValueSpecification\",\"valueRequired\":true,\"valueName\":\"search_term_string\"}}],\"inLanguage\":\"en-CA\"},{\"@type\":\"Organization\",\"@id\":\"https:\\\/\\\/mylittlebigweb.com\\\/en\\\/#organization\",\"name\":\"My Little Big Web\",\"url\":\"https:\\\/\\\/mylittlebigweb.com\\\/en\\\/\",\"logo\":{\"@type\":\"ImageObject\",\"inLanguage\":\"en-CA\",\"@id\":\"https:\\\/\\\/mylittlebigweb.com\\\/en\\\/#\\\/schema\\\/logo\\\/image\\\/\",\"url\":\"https:\\\/\\\/mylittlebigweb.com\\\/wp-content\\\/uploads\\\/2024\\\/09\\\/cropped-MLBW-logo-principal.jpg\",\"contentUrl\":\"https:\\\/\\\/mylittlebigweb.com\\\/wp-content\\\/uploads\\\/2024\\\/09\\\/cropped-MLBW-logo-principal.jpg\",\"width\":631,\"height\":300,\"caption\":\"My Little Big Web\"},\"image\":{\"@id\":\"https:\\\/\\\/mylittlebigweb.com\\\/en\\\/#\\\/schema\\\/logo\\\/image\\\/\"}},false]}<\/script>\n<!-- \/ Yoast SEO plugin. -->","yoast_head_json":{"title":"Privacy Policy - My Little Big Web","robots":{"index":"index","follow":"follow","max-snippet":"max-snippet:-1","max-image-preview":"max-image-preview:large","max-video-preview":"max-video-preview:-1"},"canonical":"https:\/\/mylittlebigweb.com\/en\/privacy-policy\/","og_locale":"en_US","og_type":"article","og_title":"Privacy Policy - My Little Big Web","og_url":"https:\/\/mylittlebigweb.com\/en\/privacy-policy\/","og_site_name":"My Little Big Web","article_modified_time":"2024-01-26T20:44:14+00:00","twitter_card":"summary_large_image","schema":{"@context":"https:\/\/schema.org","@graph":[{"@type":"WebPage","@id":"https:\/\/mylittlebigweb.com\/en\/privacy-policy\/","url":"https:\/\/mylittlebigweb.com\/en\/privacy-policy\/","name":"Privacy Policy - My Little Big Web","isPartOf":{"@id":"https:\/\/mylittlebigweb.com\/en\/#website"},"datePublished":"2024-01-26T20:08:12+00:00","dateModified":"2024-01-26T20:44:14+00:00","breadcrumb":{"@id":"https:\/\/mylittlebigweb.com\/en\/privacy-policy\/#breadcrumb"},"inLanguage":"en-CA","potentialAction":[{"@type":"ReadAction","target":["https:\/\/mylittlebigweb.com\/en\/privacy-policy\/"]}]},{"@type":"BreadcrumbList","@id":"https:\/\/mylittlebigweb.com\/en\/privacy-policy\/#breadcrumb","itemListElement":[{"@type":"ListItem","position":1,"name":"Web Agency","item":"https:\/\/mylittlebigweb.com\/en\/"},{"@type":"ListItem","position":2,"name":"Privacy Policy"}]},{"@type":"WebSite","@id":"https:\/\/mylittlebigweb.com\/en\/#website","url":"https:\/\/mylittlebigweb.com\/en\/","name":"My Little Big Web","description":"Agence Web \u00e0 Montr\u00e9al. Tous les services au m\u00eame endroit. SEO, conception de site Web, Google Ads, Facebook Ads, r\u00e9seaux sociaux.","publisher":{"@id":"https:\/\/mylittlebigweb.com\/en\/#organization"},"potentialAction":[{"@type":"SearchAction","target":{"@type":"EntryPoint","urlTemplate":"https:\/\/mylittlebigweb.com\/en\/?s={search_term_string}"},"query-input":{"@type":"PropertyValueSpecification","valueRequired":true,"valueName":"search_term_string"}}],"inLanguage":"en-CA"},{"@type":"Organization","@id":"https:\/\/mylittlebigweb.com\/en\/#organization","name":"My Little Big Web","url":"https:\/\/mylittlebigweb.com\/en\/","logo":{"@type":"ImageObject","inLanguage":"en-CA","@id":"https:\/\/mylittlebigweb.com\/en\/#\/schema\/logo\/image\/","url":"https:\/\/mylittlebigweb.com\/wp-content\/uploads\/2024\/09\/cropped-MLBW-logo-principal.jpg","contentUrl":"https:\/\/mylittlebigweb.com\/wp-content\/uploads\/2024\/09\/cropped-MLBW-logo-principal.jpg","width":631,"height":300,"caption":"My Little Big Web"},"image":{"@id":"https:\/\/mylittlebigweb.com\/en\/#\/schema\/logo\/image\/"}},false]}},"yasr_visitor_votes":{"stars_attributes":{"read_only":false,"span_bottom":false},"number_of_votes":24,"sum_votes":115},"_links":{"self":[{"href":"https:\/\/mylittlebigweb.com\/en\/wp-json\/wp\/v2\/pages\/11165","targetHints":{"allow":["GET"]}}],"collection":[{"href":"https:\/\/mylittlebigweb.com\/en\/wp-json\/wp\/v2\/pages"}],"about":[{"href":"https:\/\/mylittlebigweb.com\/en\/wp-json\/wp\/v2\/types\/page"}],"author":[{"embeddable":true,"href":"https:\/\/mylittlebigweb.com\/en\/wp-json\/wp\/v2\/users\/1"}],"replies":[{"embeddable":true,"href":"https:\/\/mylittlebigweb.com\/en\/wp-json\/wp\/v2\/comments?post=11165"}],"version-history":[{"count":2,"href":"https:\/\/mylittlebigweb.com\/en\/wp-json\/wp\/v2\/pages\/11165\/revisions"}],"predecessor-version":[{"id":11170,"href":"https:\/\/mylittlebigweb.com\/en\/wp-json\/wp\/v2\/pages\/11165\/revisions\/11170"}],"wp:attachment":[{"href":"https:\/\/mylittlebigweb.com\/en\/wp-json\/wp\/v2\/media?parent=11165"}],"curies":[{"name":"wp","href":"https:\/\/api.w.org\/{rel}","templated":true}]}}