{"id":3032,"date":"2023-09-27T13:47:51","date_gmt":"2023-09-27T17:47:51","guid":{"rendered":"https:\/\/dev.mylittlebigweb.com\/contactez-nous\/"},"modified":"2024-05-15T14:39:24","modified_gmt":"2024-05-15T18:39:24","slug":"contact-us","status":"publish","type":"page","link":"https:\/\/mylittlebigweb.com\/en\/contact-us\/","title":{"rendered":"Contact us"},"content":{"rendered":"","protected":false},"excerpt":{"rendered":"","protected":false},"author":1,"featured_media":0,"parent":0,"menu_order":0,"comment_status":"closed","ping_status":"closed","template":"page-contact.php","meta":{"_acf_changed":false,"inline_featured_image":false,"yasr_overall_rating":0,"yasr_post_is_review":"","yasr_auto_insert_disabled":"","yasr_review_type":"","footnotes":"","_mlbwmg_academic_referencing":"","_mlbwmg_reuse_citation":""},"class_list":["post-3032","page","type-page","status-publish","hentry"],"acf":[],"yoast_head":"<!-- This site is optimized with the Yoast SEO plugin v27.3 - https:\/\/yoast.com\/product\/yoast-seo-wordpress\/ -->\n<title>Contact My Little Big Web - Montr\u00e9al Web Agency<\/title>\n<meta name=\"description\" content=\"Contact the Little Big Team for a response in less than 24 hours! Need advice, a quote, a coffee or all 3? Welcome to the Little Big Team!\" \/>\n<meta name=\"robots\" content=\"index, follow, max-snippet:-1, max-image-preview:large, max-video-preview:-1\" \/>\n<link rel=\"canonical\" href=\"https:\/\/mylittlebigweb.com\/en\/contact-us\/\" \/>\n<meta property=\"og:locale\" content=\"en_US\" \/>\n<meta property=\"og:type\" content=\"article\" \/>\n<meta property=\"og:title\" content=\"Contact My Little Big Web - Montr\u00e9al Web Agency\" \/>\n<meta property=\"og:description\" content=\"Contact the Little Big Team for a response in less than 24 hours! Need advice, a quote, a coffee or all 3? Welcome to the Little Big Team!\" \/>\n<meta property=\"og:url\" content=\"https:\/\/mylittlebigweb.com\/en\/contact-us\/\" \/>\n<meta property=\"og:site_name\" content=\"My Little Big Web\" \/>\n<meta property=\"article:modified_time\" content=\"2024-05-15T18:39:24+00:00\" \/>\n<meta name=\"twitter:card\" content=\"summary_large_image\" \/>\n<script type=\"application\/ld+json\" class=\"yoast-schema-graph\">{\"@context\":\"https:\\\/\\\/schema.org\",\"@graph\":[{\"@type\":\"WebPage\",\"@id\":\"https:\\\/\\\/mylittlebigweb.com\\\/en\\\/contact-us\\\/\",\"url\":\"https:\\\/\\\/mylittlebigweb.com\\\/en\\\/contact-us\\\/\",\"name\":\"Contact My Little Big Web - Montr\u00e9al Web Agency\",\"isPartOf\":{\"@id\":\"https:\\\/\\\/mylittlebigweb.com\\\/en\\\/#website\"},\"datePublished\":\"2023-09-27T17:47:51+00:00\",\"dateModified\":\"2024-05-15T18:39:24+00:00\",\"description\":\"Contact the Little Big Team for a response in less than 24 hours! Need advice, a quote, a coffee or all 3? Welcome to the Little Big Team!\",\"breadcrumb\":{\"@id\":\"https:\\\/\\\/mylittlebigweb.com\\\/en\\\/contact-us\\\/#breadcrumb\"},\"inLanguage\":\"en-CA\",\"potentialAction\":[{\"@type\":\"ReadAction\",\"target\":[\"https:\\\/\\\/mylittlebigweb.com\\\/en\\\/contact-us\\\/\"]}]},{\"@type\":\"BreadcrumbList\",\"@id\":\"https:\\\/\\\/mylittlebigweb.com\\\/en\\\/contact-us\\\/#breadcrumb\",\"itemListElement\":[{\"@type\":\"ListItem\",\"position\":1,\"name\":\"Web Agency\",\"item\":\"https:\\\/\\\/mylittlebigweb.com\\\/en\\\/\"},{\"@type\":\"ListItem\",\"position\":2,\"name\":\"Contact us\"}]},{\"@type\":\"WebSite\",\"@id\":\"https:\\\/\\\/mylittlebigweb.com\\\/en\\\/#website\",\"url\":\"https:\\\/\\\/mylittlebigweb.com\\\/en\\\/\",\"name\":\"My Little Big Web\",\"description\":\"Agence Web \u00e0 Montr\u00e9al. Tous les services au m\u00eame endroit. SEO, conception de site Web, Google Ads, Facebook Ads, r\u00e9seaux sociaux.\",\"publisher\":{\"@id\":\"https:\\\/\\\/mylittlebigweb.com\\\/en\\\/#organization\"},\"potentialAction\":[{\"@type\":\"SearchAction\",\"target\":{\"@type\":\"EntryPoint\",\"urlTemplate\":\"https:\\\/\\\/mylittlebigweb.com\\\/en\\\/?s={search_term_string}\"},\"query-input\":{\"@type\":\"PropertyValueSpecification\",\"valueRequired\":true,\"valueName\":\"search_term_string\"}}],\"inLanguage\":\"en-CA\"},{\"@type\":\"Organization\",\"@id\":\"https:\\\/\\\/mylittlebigweb.com\\\/en\\\/#organization\",\"name\":\"My Little Big Web\",\"url\":\"https:\\\/\\\/mylittlebigweb.com\\\/en\\\/\",\"logo\":{\"@type\":\"ImageObject\",\"inLanguage\":\"en-CA\",\"@id\":\"https:\\\/\\\/mylittlebigweb.com\\\/en\\\/#\\\/schema\\\/logo\\\/image\\\/\",\"url\":\"https:\\\/\\\/mylittlebigweb.com\\\/wp-content\\\/uploads\\\/2024\\\/09\\\/cropped-MLBW-logo-principal.jpg\",\"contentUrl\":\"https:\\\/\\\/mylittlebigweb.com\\\/wp-content\\\/uploads\\\/2024\\\/09\\\/cropped-MLBW-logo-principal.jpg\",\"width\":631,\"height\":300,\"caption\":\"My Little Big Web\"},\"image\":{\"@id\":\"https:\\\/\\\/mylittlebigweb.com\\\/en\\\/#\\\/schema\\\/logo\\\/image\\\/\"}},false]}<\/script>\n<!-- \/ Yoast SEO plugin. -->","yoast_head_json":{"title":"Contact My Little Big Web - Montr\u00e9al Web Agency","description":"Contact the Little Big Team for a response in less than 24 hours! Need advice, a quote, a coffee or all 3? Welcome to the Little Big Team!","robots":{"index":"index","follow":"follow","max-snippet":"max-snippet:-1","max-image-preview":"max-image-preview:large","max-video-preview":"max-video-preview:-1"},"canonical":"https:\/\/mylittlebigweb.com\/en\/contact-us\/","og_locale":"en_US","og_type":"article","og_title":"Contact My Little Big Web - Montr\u00e9al Web Agency","og_description":"Contact the Little Big Team for a response in less than 24 hours! Need advice, a quote, a coffee or all 3? Welcome to the Little Big Team!","og_url":"https:\/\/mylittlebigweb.com\/en\/contact-us\/","og_site_name":"My Little Big Web","article_modified_time":"2024-05-15T18:39:24+00:00","twitter_card":"summary_large_image","schema":{"@context":"https:\/\/schema.org","@graph":[{"@type":"WebPage","@id":"https:\/\/mylittlebigweb.com\/en\/contact-us\/","url":"https:\/\/mylittlebigweb.com\/en\/contact-us\/","name":"Contact My Little Big Web - Montr\u00e9al Web Agency","isPartOf":{"@id":"https:\/\/mylittlebigweb.com\/en\/#website"},"datePublished":"2023-09-27T17:47:51+00:00","dateModified":"2024-05-15T18:39:24+00:00","description":"Contact the Little Big Team for a response in less than 24 hours! Need advice, a quote, a coffee or all 3? Welcome to the Little Big Team!","breadcrumb":{"@id":"https:\/\/mylittlebigweb.com\/en\/contact-us\/#breadcrumb"},"inLanguage":"en-CA","potentialAction":[{"@type":"ReadAction","target":["https:\/\/mylittlebigweb.com\/en\/contact-us\/"]}]},{"@type":"BreadcrumbList","@id":"https:\/\/mylittlebigweb.com\/en\/contact-us\/#breadcrumb","itemListElement":[{"@type":"ListItem","position":1,"name":"Web Agency","item":"https:\/\/mylittlebigweb.com\/en\/"},{"@type":"ListItem","position":2,"name":"Contact us"}]},{"@type":"WebSite","@id":"https:\/\/mylittlebigweb.com\/en\/#website","url":"https:\/\/mylittlebigweb.com\/en\/","name":"My Little Big Web","description":"Agence Web \u00e0 Montr\u00e9al. Tous les services au m\u00eame endroit. SEO, conception de site Web, Google Ads, Facebook Ads, r\u00e9seaux sociaux.","publisher":{"@id":"https:\/\/mylittlebigweb.com\/en\/#organization"},"potentialAction":[{"@type":"SearchAction","target":{"@type":"EntryPoint","urlTemplate":"https:\/\/mylittlebigweb.com\/en\/?s={search_term_string}"},"query-input":{"@type":"PropertyValueSpecification","valueRequired":true,"valueName":"search_term_string"}}],"inLanguage":"en-CA"},{"@type":"Organization","@id":"https:\/\/mylittlebigweb.com\/en\/#organization","name":"My Little Big Web","url":"https:\/\/mylittlebigweb.com\/en\/","logo":{"@type":"ImageObject","inLanguage":"en-CA","@id":"https:\/\/mylittlebigweb.com\/en\/#\/schema\/logo\/image\/","url":"https:\/\/mylittlebigweb.com\/wp-content\/uploads\/2024\/09\/cropped-MLBW-logo-principal.jpg","contentUrl":"https:\/\/mylittlebigweb.com\/wp-content\/uploads\/2024\/09\/cropped-MLBW-logo-principal.jpg","width":631,"height":300,"caption":"My Little Big Web"},"image":{"@id":"https:\/\/mylittlebigweb.com\/en\/#\/schema\/logo\/image\/"}},false]}},"yasr_visitor_votes":{"stars_attributes":{"read_only":false,"span_bottom":false},"number_of_votes":123,"sum_votes":581},"_links":{"self":[{"href":"https:\/\/mylittlebigweb.com\/en\/wp-json\/wp\/v2\/pages\/3032","targetHints":{"allow":["GET"]}}],"collection":[{"href":"https:\/\/mylittlebigweb.com\/en\/wp-json\/wp\/v2\/pages"}],"about":[{"href":"https:\/\/mylittlebigweb.com\/en\/wp-json\/wp\/v2\/types\/page"}],"author":[{"embeddable":true,"href":"https:\/\/mylittlebigweb.com\/en\/wp-json\/wp\/v2\/users\/1"}],"replies":[{"embeddable":true,"href":"https:\/\/mylittlebigweb.com\/en\/wp-json\/wp\/v2\/comments?post=3032"}],"version-history":[{"count":8,"href":"https:\/\/mylittlebigweb.com\/en\/wp-json\/wp\/v2\/pages\/3032\/revisions"}],"predecessor-version":[{"id":13920,"href":"https:\/\/mylittlebigweb.com\/en\/wp-json\/wp\/v2\/pages\/3032\/revisions\/13920"}],"wp:attachment":[{"href":"https:\/\/mylittlebigweb.com\/en\/wp-json\/wp\/v2\/media?parent=3032"}],"curies":[{"name":"wp","href":"https:\/\/api.w.org\/{rel}","templated":true}]}}